{"id":9,"date":"2023-02-25T09:21:12","date_gmt":"2023-02-25T08:21:12","guid":{"rendered":"http:\/\/dolomitlibiaz.pl\/?page_id=9"},"modified":"2023-03-03T18:12:52","modified_gmt":"2023-03-03T17:12:52","slug":"start","status":"publish","type":"page","link":"https:\/\/dolomitlibiaz.pl\/","title":{"rendered":"Start"},"content":{"rendered":"<div id=\"themify_builder_content-9\" data-postid=\"9\" class=\"themify_builder_content themify_builder_content-9 themify_builder tf_clear\">\n    \t<!-- module_row -->\n\t<div   data-css_id=\"tb_pnqd526\" data-lazy=\"1\" class=\"themify_builder_row module_row fullcover tb_pnqd526 tb_first clearfix\">\n\t    <div class=\"tf_abs builder_row_cover\"><\/div>\t    <div class=\"row_inner col_align_top tf_box tf_w tf_rel\" >\n\t\t\t<div  data-lazy=\"1\" class=\"module_column tb-column col-full first tb_n6q2526 tf_box\">\n\t    \t    \t        <div class=\"tb-column-inner tf_box tf_w\">\n\t\t    <!-- module text -->\n<div  class=\"module module-text tb_8z54717    wow\" data-tf-animation=\"fadeInDown\" data-lazy=\"1\">\n            <div  class=\"tb_text_wrap\">\n    <h2 style=\"text-align: center;\">Witaj w Kopalni Dolomitu Libi\u0105\u017c<\/h2>\n<p style=\"text-align: center;\">Zobacz jak oswajamy kamie\u0144 i co mo\u017cemy z niego dla Ciebie wyprodukowa\u0107!<\/p>    <\/div>\n<\/div>\n<!-- \/module text --><!-- module buttons -->\n<div  class=\"module module-buttons tb_vafy549 buttons-horizontal solid  rounded tf_textc tb_gs128640 wow\" data-tf-animation=\"fadeInUp\" data-lazy=\"1\">\n            \t<div class=\"module-buttons-item tf_inline_b\">\n\t    \t\t    <a href=\"http:\/\/dolomitlibiaz.pl\/#produkty\" class=\"ui builder_button tb_default_color\" >\n\t\t\t\t        \t\t<span class=\"tf_inline_b tf_vmiddle\">ZOBACZ PRODUKTY<\/span>\n\t\t    \t\t    \t\t    <\/a>\n\t\t        \t<\/div>\n\t    <\/div>\n<!-- \/module buttons -->\n\t        <\/div>\n\t    \t<\/div>\n\t\t    <\/div>\n\t    <!-- \/row_inner -->\n\t<\/div>\n\t<!-- \/module_row -->\n\t\t<!-- module_row -->\n\t<div   data-css_id=\"tb_8q08957\" data-lazy=\"1\" class=\"themify_builder_row module_row fullwidth tb_8q08957 clearfix\">\n\t    \t    <div class=\"row_inner col_align_top tf_box tf_w tf_rel\" >\n\t\t\t<div  data-lazy=\"1\" class=\"module_column tb-column col-full first tb_7qud958 tf_box\">\n\t    \t    \t        <div class=\"tb-column-inner tf_box tf_w\">\n\t\t    <!-- module text -->\n<div  class=\"module module-text tb_j2ro111    wow\" data-tf-animation=\"fadeIn\" data-lazy=\"1\">\n            <div  class=\"tb_text_wrap\">\n    <p>Je\u015bli poszukujesz odpornego na warunki atmosferyczne jasnego, naturalnego kamienia budowlanego, z kt\u00f3rego wykonasz trwa\u0142e, odporne na mr\u00f3z oraz zabrudzenia elewacje pionowe i poziome budynk\u00f3w, parapety, nowoczesne schody, posadzki, reprezentacyjne wn\u0119trza, estetyczne mury czy ogrodzenia, a nawet u\u0142o\u017cysz nawierzchni\u0119 z ozdobnej kostki brukowej, to zainteresuj\u0105 Ci\u0119 wysokiej jako\u015bci budowlane wyroby z dolomitu oferowane przez Przedsi\u0119biorstwo Produkcyjno Handlowe DOLOMIT Sp. z o.o.<\/p>    <\/div>\n<\/div>\n<!-- \/module text -->\t        <\/div>\n\t    \t<\/div>\n\t\t    <\/div>\n\t    <!-- \/row_inner -->\n\t<\/div>\n\t<!-- \/module_row -->\n\t\t<!-- module_row -->\n\t<div   data-css_id=\"tb_yd42629\" data-lazy=\"1\" class=\"themify_builder_row module_row fullwidth tb_yd42629 clearfix\">\n\t    \t    <div class=\"row_inner col_align_middle tf_box tf_w tf_rel\" >\n\t\t\t<div  data-lazy=\"1\" class=\"module_column tb-column col4-2 first tb_45ko629 tf_box\">\n\t    \t    \t        <div class=\"tb-column-inner tf_box tf_w\">\n\t\t    <!-- module image -->\n<div  class=\"module module-image tb_4vcz56 rounded drop-shadow  image-top tf_mw wow\" data-tf-animation=\"fadeInLeft\" data-lazy=\"1\">\n            <div class=\"image-wrap tf_rel tf_mw\">\n\t\t    <img decoding=\"async\" src=\"http:\/\/dolomitlibiaz.pl\/wp-content\/uploads\/2023\/02\/DSC_0608-scaled.jpg\" title=\"Start\" alt=\"Start\">\t\n\t\t<\/div>\n\t<!-- \/image-wrap -->\n    \n    \n<\/div>\n<!-- \/module image -->\t        <\/div>\n\t    \t<\/div>\n\t\t<div  data-lazy=\"1\" class=\"module_column tb-column col4-2 last tb_0nda35 tf_box\">\n\t    \t    \t        <div class=\"tb-column-inner tf_box tf_w\">\n\t\t    <!-- module text -->\n<div  class=\"module module-text tb_k5g4577    wow\" data-tf-animation=\"fadeInRight\" data-lazy=\"1\">\n            <div  class=\"tb_text_wrap\">\n    <p><b>Kamie\u0144 triasowy<\/b>\u00a0pozyskiwany, a nast\u0119pnie przerabiany w Kopalni Dolomitu \u201eLibi\u0105\u017c\u201d wyst\u0119puje w ciep\u0142ej kolorystyce: kremowo-szarej, \u017c\u00f3\u0142tej, \u017c\u00f3\u0142to-brunatnej, oraz niekiedy \u017c\u00f3\u0142to-rdzawej.<\/p>\n<p>Dzi\u0119ki temu produkowane w Libi\u0105\u017cu kamienne ok\u0142adziny elewacyjne, podesty, posadzki, elementy murowe, elementy blokowe, czy kostka brukowa tworz\u0105 ciekaw\u0105 harmoni\u0119 pastelowych odcieni.<\/p>\n<p>Opr\u00f3cz kamiennych element\u00f3w budowlanych z dolomitu produkujemy r\u00f3wnie\u017c kamie\u0144 murowy, kruszywa dla budownictwa i drogownictwa, a tak\u017ce dla rolnictwa wapno nawozowe zawieraj\u0105ce tlenek magnezu.<\/p>\n<p>Zapraszam do wsp\u00f3\u0142pracy,<\/p>\n<p><em><b>Iwona Wielgosz<\/b><\/em><br \/>Prezes Zarz\u0105du<\/p>    <\/div>\n<\/div>\n<!-- \/module text -->\t        <\/div>\n\t    \t<\/div>\n\t\t    <\/div>\n\t    <!-- \/row_inner -->\n\t<\/div>\n\t<!-- \/module_row -->\n\t\t<!-- module_row -->\n\t<div   data-anchor=\"produkty\" data-hide-anchor=\"1\" data-css_id=\"tb_3y8w824\" data-lazy=\"1\" class=\"themify_builder_row module_row fullwidth tb_has_section tb_section-produkty tb_3y8w824 clearfix\">\n\t    \t    <div class=\"row_inner col_align_top tf_box tf_w tf_rel\" >\n\t\t\t<div  data-lazy=\"1\" class=\"module_column tb-column col4-1 first tb_ttsm824 tf_box\">\n\t    \t    \t        <div class=\"tb-column-inner tf_box tf_w\">\n\t\t    <!-- module image -->\n<div  class=\"module module-image tb_k5bl543 rounded drop-shadow  image-center tf_mw wow\" data-tf-animation=\"fadeIn\" data-lazy=\"1\">\n            <div class=\"image-wrap tf_rel tf_mw\">\n\t\t    <img loading=\"lazy\" decoding=\"async\" width=\"2435\" height=\"1826\" src=\"https:\/\/dolomitlibiaz.pl\/wp-content\/uploads\/2023\/03\/0-315-1.jpg\" class=\"wp-post-image wp-image-112\" title=\"Mieszanki 0-31,5\" alt=\"Mieszanki 0-31,5\" srcset=\"https:\/\/dolomitlibiaz.pl\/wp-content\/uploads\/2023\/03\/0-315-1.jpg 2435w, https:\/\/dolomitlibiaz.pl\/wp-content\/uploads\/2023\/03\/0-315-1-300x225.jpg 300w, https:\/\/dolomitlibiaz.pl\/wp-content\/uploads\/2023\/03\/0-315-1-1024x768.jpg 1024w, https:\/\/dolomitlibiaz.pl\/wp-content\/uploads\/2023\/03\/0-315-1-768x576.jpg 768w, https:\/\/dolomitlibiaz.pl\/wp-content\/uploads\/2023\/03\/0-315-1-1536x1152.jpg 1536w, https:\/\/dolomitlibiaz.pl\/wp-content\/uploads\/2023\/03\/0-315-1-2048x1536.jpg 2048w\" sizes=\"auto, (max-width: 2435px) 100vw, 2435px\" \/>\t\n\t\t<\/div>\n\t<!-- \/image-wrap -->\n    \n    \t<div class=\"image-content\">\n\t    \t\t<h3 class=\"image-title\">\n\t\t    \t\t\tMieszanki 0-31,5\t\t    \t\t<\/h3>\n\t    \n\t    \t<\/div>\n\t<!-- \/image-content -->\n    \n<\/div>\n<!-- \/module image -->\t        <\/div>\n\t    \t<\/div>\n\t\t<div  data-lazy=\"1\" class=\"module_column tb-column col4-1 second tb_s6wx824 tf_box\">\n\t    \t    \t        <div class=\"tb-column-inner tf_box tf_w\">\n\t\t    <!-- module image -->\n<div  class=\"module module-image tb_j2s8492 rounded drop-shadow  image-center tf_mw wow\" data-tf-animation=\"fadeIn\" data-lazy=\"1\">\n            <div class=\"image-wrap tf_rel tf_mw\">\n\t\t    <img loading=\"lazy\" decoding=\"async\" width=\"807\" height=\"605\" src=\"https:\/\/dolomitlibiaz.pl\/wp-content\/uploads\/2023\/03\/0-63.png\" class=\"wp-post-image wp-image-113\" title=\"Mieszanki 0-63\" alt=\"Mieszanki 0-63\" srcset=\"https:\/\/dolomitlibiaz.pl\/wp-content\/uploads\/2023\/03\/0-63.png 807w, https:\/\/dolomitlibiaz.pl\/wp-content\/uploads\/2023\/03\/0-63-300x225.png 300w, https:\/\/dolomitlibiaz.pl\/wp-content\/uploads\/2023\/03\/0-63-768x576.png 768w\" sizes=\"auto, (max-width: 807px) 100vw, 807px\" \/>\t\n\t\t<\/div>\n\t<!-- \/image-wrap -->\n    \n    \t<div class=\"image-content\">\n\t    \t\t<h3 class=\"image-title\">\n\t\t    \t\t\tMieszanki 0-63\t\t    \t\t<\/h3>\n\t    \n\t    \t<\/div>\n\t<!-- \/image-content -->\n    \n<\/div>\n<!-- \/module image -->\t        <\/div>\n\t    \t<\/div>\n\t\t<div  data-lazy=\"1\" class=\"module_column tb-column col4-1 third tb_k5d9824 tf_box\">\n\t    \t    \t        <div class=\"tb-column-inner tf_box tf_w\">\n\t\t    <!-- module image -->\n<div  class=\"module module-image tb_4e6o932 rounded drop-shadow  image-center tf_mw wow\" data-tf-animation=\"fadeIn\" data-lazy=\"1\">\n            <div class=\"image-wrap tf_rel tf_mw\">\n\t\t    <img loading=\"lazy\" decoding=\"async\" width=\"500\" height=\"374\" src=\"https:\/\/dolomitlibiaz.pl\/wp-content\/uploads\/2023\/02\/xkruszywo-dolomitowe-frakcja-10-31.5.jpg\" class=\"wp-post-image wp-image-45\" title=\"Kruszywo 10-31,5\" alt=\"Kruszywo 10-31,5\" srcset=\"https:\/\/dolomitlibiaz.pl\/wp-content\/uploads\/2023\/02\/xkruszywo-dolomitowe-frakcja-10-31.5.jpg 500w, https:\/\/dolomitlibiaz.pl\/wp-content\/uploads\/2023\/02\/xkruszywo-dolomitowe-frakcja-10-31.5-300x224.jpg 300w\" sizes=\"auto, (max-width: 500px) 100vw, 500px\" \/>\t\n\t\t<\/div>\n\t<!-- \/image-wrap -->\n    \n    \t<div class=\"image-content\">\n\t    \t\t<h3 class=\"image-title\">\n\t\t    \t\t\tKruszywo 10-31,5\t\t    \t\t<\/h3>\n\t    \n\t    \t<\/div>\n\t<!-- \/image-content -->\n    \n<\/div>\n<!-- \/module image -->\t        <\/div>\n\t    \t<\/div>\n\t\t<div  data-lazy=\"1\" class=\"module_column tb-column col4-1 last tb_c8pc182 tf_box\">\n\t    \t    \t        <div class=\"tb-column-inner tf_box tf_w\">\n\t\t    <!-- module image -->\n<div  class=\"module module-image tb_qdw3130 rounded drop-shadow  image-center tf_mw wow\" data-tf-animation=\"fadeIn\" data-lazy=\"1\">\n            <div class=\"image-wrap tf_rel tf_mw\">\n\t\t    <img loading=\"lazy\" decoding=\"async\" width=\"2231\" height=\"1673\" src=\"https:\/\/dolomitlibiaz.pl\/wp-content\/uploads\/2023\/03\/31-635-1.jpg\" class=\"wp-post-image wp-image-114\" title=\"Kruszywo 31,5-63\" alt=\"Kruszywo 31,5-63\" srcset=\"https:\/\/dolomitlibiaz.pl\/wp-content\/uploads\/2023\/03\/31-635-1.jpg 2231w, https:\/\/dolomitlibiaz.pl\/wp-content\/uploads\/2023\/03\/31-635-1-300x225.jpg 300w, https:\/\/dolomitlibiaz.pl\/wp-content\/uploads\/2023\/03\/31-635-1-1024x768.jpg 1024w, https:\/\/dolomitlibiaz.pl\/wp-content\/uploads\/2023\/03\/31-635-1-768x576.jpg 768w, https:\/\/dolomitlibiaz.pl\/wp-content\/uploads\/2023\/03\/31-635-1-1536x1152.jpg 1536w, https:\/\/dolomitlibiaz.pl\/wp-content\/uploads\/2023\/03\/31-635-1-2048x1536.jpg 2048w\" sizes=\"auto, (max-width: 2231px) 100vw, 2231px\" \/>\t\n\t\t<\/div>\n\t<!-- \/image-wrap -->\n    \n    \t<div class=\"image-content\">\n\t    \t\t<h3 class=\"image-title\">\n\t\t    \t\t\tKruszywo 31,5-63\t\t    \t\t<\/h3>\n\t    \n\t    \t<\/div>\n\t<!-- \/image-content -->\n    \n<\/div>\n<!-- \/module image -->\t        <\/div>\n\t    \t<\/div>\n\t\t    <\/div>\n\t    <!-- \/row_inner -->\n\t<\/div>\n\t<!-- \/module_row -->\n\t\t<!-- module_row -->\n\t<div   data-anchor=\"produkty\" data-hide-anchor=\"1\" data-css_id=\"tb_qjji292\" data-lazy=\"1\" class=\"themify_builder_row module_row fullwidth tb_has_section tb_section-produkty tb_qjji292 clearfix\">\n\t    \t    <div class=\"row_inner col_align_top tf_box tf_w tf_rel\" >\n\t\t\t<div  data-lazy=\"1\" class=\"module_column tb-column col3-1 first tb_yq29293 tf_box\">\n\t    \t    \t        <div class=\"tb-column-inner tf_box tf_w\">\n\t\t    <!-- module image -->\n<div  class=\"module module-image tb_saxn293 rounded drop-shadow  image-center tf_mw wow\" data-tf-animation=\"fadeIn\" data-lazy=\"1\">\n            <div class=\"image-wrap tf_rel tf_mw\">\n\t\t    <img loading=\"lazy\" decoding=\"async\" src=\"http:\/\/dolomitlibiaz.pl\/wp-content\/uploads\/2023\/02\/xkamienne-elementy-budowlane-z-dolomitu.jpg\" width=\"600\" height=\"450\" title=\"Kamienne elementy budowlane\" alt=\"Kamienne elementy budowlane\">\t\n\t\t<\/div>\n\t<!-- \/image-wrap -->\n    \n    \t<div class=\"image-content\">\n\t    \t\t<h3 class=\"image-title\">\n\t\t    \t\t\tKamienne elementy budowlane\t\t    \t\t<\/h3>\n\t    \n\t    \t<\/div>\n\t<!-- \/image-content -->\n    \n<\/div>\n<!-- \/module image -->\t        <\/div>\n\t    \t<\/div>\n\t\t<div  data-lazy=\"1\" class=\"module_column tb-column col3-1 middle tb_i97i293 tf_box\">\n\t    \t    \t        <div class=\"tb-column-inner tf_box tf_w\">\n\t\t    <!-- module image -->\n<div  class=\"module module-image tb_w2e0293 rounded drop-shadow  image-center tf_mw wow\" data-tf-animation=\"fadeIn\" data-lazy=\"1\">\n            <div class=\"image-wrap tf_rel tf_mw\">\n\t\t    <img loading=\"lazy\" decoding=\"async\" src=\"http:\/\/dolomitlibiaz.pl\/wp-content\/uploads\/2023\/02\/xdolomitowa-kostka-brukowa.jpg\" width=\"600\" height=\"450\" title=\"Dolomitowa kostka brukowa\" alt=\"Dolomitowa kostka brukowa\">\t\n\t\t<\/div>\n\t<!-- \/image-wrap -->\n    \n    \t<div class=\"image-content\">\n\t    \t\t<h3 class=\"image-title\">\n\t\t    \t\t\tDolomitowa kostka brukowa\t\t    \t\t<\/h3>\n\t    \n\t    \t<\/div>\n\t<!-- \/image-content -->\n    \n<\/div>\n<!-- \/module image -->\t        <\/div>\n\t    \t<\/div>\n\t\t<div  data-lazy=\"1\" class=\"module_column tb-column col3-1 last tb_t8e8293 tf_box\">\n\t    \t    \t        <div class=\"tb-column-inner tf_box tf_w\">\n\t\t    <!-- module image -->\n<div  class=\"module module-image tb_u2yd293 rounded drop-shadow  image-center tf_mw wow\" data-tf-animation=\"fadeIn\" data-lazy=\"1\">\n            <div class=\"image-wrap tf_rel tf_mw\">\n\t\t    <img loading=\"lazy\" decoding=\"async\" src=\"http:\/\/dolomitlibiaz.pl\/wp-content\/uploads\/2023\/02\/xkamien-murowy-dolomit.jpg\" width=\"600\" height=\"450\" title=\"Kamie\u0144 murowy\" alt=\"Kamie\u0144 murowy\">\t\n\t\t<\/div>\n\t<!-- \/image-wrap -->\n    \n    \t<div class=\"image-content\">\n\t    \t\t<h3 class=\"image-title\">\n\t\t    \t\t\tKamie\u0144 murowy\t\t    \t\t<\/h3>\n\t    \n\t    \t<\/div>\n\t<!-- \/image-content -->\n    \n<\/div>\n<!-- \/module image -->\t        <\/div>\n\t    \t<\/div>\n\t\t    <\/div>\n\t    <!-- \/row_inner -->\n\t<\/div>\n\t<!-- \/module_row -->\n\t\t<!-- module_row -->\n\t<div   data-css_id=\"tb_iyvr929\" data-lazy=\"1\" class=\"themify_builder_row module_row fullcover tb_iyvr929 clearfix\">\n\t    <div class=\"tf_abs builder_row_cover\"><\/div>\t    <div class=\"row_inner col_align_top tf_box tf_w tf_rel\" >\n\t\t\t<div  data-lazy=\"1\" class=\"module_column tb-column col-full first tb_14aw930 tf_box\">\n\t    \t    \t        <div class=\"tb-column-inner tf_box tf_w\">\n\t\t    <!-- module text -->\n<div  class=\"module module-text tb_k09t147    wow\" data-tf-animation=\"fadeIn\" data-lazy=\"1\">\n            <div  class=\"tb_text_wrap\">\n    <h2 style=\"text-align: center;\">Jak dojecha\u0107 do Kopalani Dolomitu \u201eLibi\u0105\u017c\u201d?<\/h2>    <\/div>\n<\/div>\n<!-- \/module text --><!-- module map -->\n<div  class=\"module module-map tb_gd6a466  wow\" data-tf-animation=\"fadeIn\">\n            \t\t\t    \t    <link rel=\"preconnect\" href=\"https:\/\/maps.googleapis.com\" crossorigin\/>\n\t\t<div\n\t    data-lazy=\"1\" \t    data-map-provider=\"google\"\n\t    data-address=\"ul. Kamienna 9 32-590 Libi\u0105\u017c\"\n\t    data-zoom=\"12\"\n\t    data-type=\"ROADMAP\"\n\t    data-scroll=\"\"\n\t    data-drag=\"1\"\n\t    data-mdrag=\"1\"\n\t    data-control=\"\"\n\t    class=\"tf_lazy themify_map\"\n\t    style=\"width:100%;height:400px;\"\n\t    data-info-window=\"&lt;b&gt;Address&lt;\/b&gt;&lt;br\/&gt;&lt;p&gt;ul. Kamienna 9 32-590 Libi\u0105\u017c&lt;\/p&gt;\"\n\t    data-reverse-geocoding=\"\">\n\t<\/div>\n    <\/div>\n<!-- \/module map -->\n\t        <\/div>\n\t    \t<\/div>\n\t\t    <\/div>\n\t    <!-- \/row_inner -->\n\t<\/div>\n\t<!-- \/module_row -->\n\t<\/div>\n\n","protected":false},"excerpt":{"rendered":"<p>Witaj w Kopalni Dolomitu Libi\u0105\u017c Zobacz jak oswajamy kamie\u0144 i co mo\u017cemy z niego dla Ciebie wyprodukowa\u0107! ZOBACZ PRODUKTY Je\u015bli poszukujesz odpornego na warunki atmosferyczne jasnego, naturalnego kamienia budowlanego, z kt\u00f3rego wykonasz trwa\u0142e, odporne na mr\u00f3z oraz zabrudzenia elewacje pionowe i poziome budynk\u00f3w, parapety, nowoczesne schody, posadzki, reprezentacyjne wn\u0119trza, estetyczne mury czy ogrodzenia, a nawet [&hellip;]<\/p>\n","protected":false},"author":1,"featured_media":0,"parent":0,"menu_order":0,"comment_status":"closed","ping_status":"closed","template":"","meta":{"footnotes":""},"class_list":["post-9","page","type-page","status-publish","hentry","has-post-title","has-post-date","has-post-category","has-post-tag","has-post-comment","has-post-author",""],"builder_content":"<h2 style=\"text-align: center;\">Witaj w Kopalni Dolomitu Libi\u0105\u017c<\/h2> <p style=\"text-align: center;\">Zobacz jak oswajamy kamie\u0144 i co mo\u017cemy z niego dla Ciebie wyprodukowa\u0107!<\/p>\n<a href=\"http:\/\/dolomitlibiaz.pl\/#produkty\" > ZOBACZ PRODUKTY <\/a>\n<p>Je\u015bli poszukujesz odpornego na warunki atmosferyczne jasnego, naturalnego kamienia budowlanego, z kt\u00f3rego wykonasz trwa\u0142e, odporne na mr\u00f3z oraz zabrudzenia elewacje pionowe i poziome budynk\u00f3w, parapety, nowoczesne schody, posadzki, reprezentacyjne wn\u0119trza, estetyczne mury czy ogrodzenia, a nawet u\u0142o\u017cysz nawierzchni\u0119 z ozdobnej kostki brukowej, to zainteresuj\u0105 Ci\u0119 wysokiej jako\u015bci budowlane wyroby z dolomitu oferowane przez Przedsi\u0119biorstwo Produkcyjno Handlowe DOLOMIT Sp. z o.o.<\/p>\n<img src=\"http:\/\/dolomitlibiaz.pl\/wp-content\/uploads\/2023\/02\/DSC_0608-scaled.jpg\" title=\"Start\" alt=\"Start\">\n<p><b>Kamie\u0144 triasowy<\/b>\u00a0pozyskiwany, a nast\u0119pnie przerabiany w Kopalni Dolomitu \u201eLibi\u0105\u017c\u201d wyst\u0119puje w ciep\u0142ej kolorystyce: kremowo-szarej, \u017c\u00f3\u0142tej, \u017c\u00f3\u0142to-brunatnej, oraz niekiedy \u017c\u00f3\u0142to-rdzawej.<\/p> <p>Dzi\u0119ki temu produkowane w Libi\u0105\u017cu kamienne ok\u0142adziny elewacyjne, podesty, posadzki, elementy murowe, elementy blokowe, czy kostka brukowa tworz\u0105 ciekaw\u0105 harmoni\u0119 pastelowych odcieni.<\/p> <p>Opr\u00f3cz kamiennych element\u00f3w budowlanych z dolomitu produkujemy r\u00f3wnie\u017c kamie\u0144 murowy, kruszywa dla budownictwa i drogownictwa, a tak\u017ce dla rolnictwa wapno nawozowe zawieraj\u0105ce tlenek magnezu.<\/p> <p>Zapraszam do wsp\u00f3\u0142pracy,<\/p> <p><em><b>Iwona Wielgosz<\/b><\/em><br \/>Prezes Zarz\u0105du<\/p>\n<img loading=\"lazy\" decoding=\"async\" width=\"2435\" height=\"1826\" src=\"https:\/\/dolomitlibiaz.pl\/wp-content\/uploads\/2023\/03\/0-315-1.jpg\" title=\"Mieszanki 0-31,5\" alt=\"Mieszanki 0-31,5\" srcset=\"https:\/\/dolomitlibiaz.pl\/wp-content\/uploads\/2023\/03\/0-315-1.jpg 2435w, https:\/\/dolomitlibiaz.pl\/wp-content\/uploads\/2023\/03\/0-315-1-300x225.jpg 300w, https:\/\/dolomitlibiaz.pl\/wp-content\/uploads\/2023\/03\/0-315-1-1024x768.jpg 1024w, https:\/\/dolomitlibiaz.pl\/wp-content\/uploads\/2023\/03\/0-315-1-768x576.jpg 768w, https:\/\/dolomitlibiaz.pl\/wp-content\/uploads\/2023\/03\/0-315-1-1536x1152.jpg 1536w, https:\/\/dolomitlibiaz.pl\/wp-content\/uploads\/2023\/03\/0-315-1-2048x1536.jpg 2048w\" sizes=\"auto, (max-width: 2435px) 100vw, 2435px\" \/> <h3> Mieszanki 0-31,5 <\/h3>\n<img loading=\"lazy\" decoding=\"async\" width=\"807\" height=\"605\" src=\"https:\/\/dolomitlibiaz.pl\/wp-content\/uploads\/2023\/03\/0-63.png\" title=\"Mieszanki 0-63\" alt=\"Mieszanki 0-63\" srcset=\"https:\/\/dolomitlibiaz.pl\/wp-content\/uploads\/2023\/03\/0-63.png 807w, https:\/\/dolomitlibiaz.pl\/wp-content\/uploads\/2023\/03\/0-63-300x225.png 300w, https:\/\/dolomitlibiaz.pl\/wp-content\/uploads\/2023\/03\/0-63-768x576.png 768w\" sizes=\"auto, (max-width: 807px) 100vw, 807px\" \/> <h3> Mieszanki 0-63 <\/h3>\n<img loading=\"lazy\" decoding=\"async\" width=\"500\" height=\"374\" src=\"https:\/\/dolomitlibiaz.pl\/wp-content\/uploads\/2023\/02\/xkruszywo-dolomitowe-frakcja-10-31.5.jpg\" title=\"Kruszywo 10-31,5\" alt=\"Kruszywo 10-31,5\" srcset=\"https:\/\/dolomitlibiaz.pl\/wp-content\/uploads\/2023\/02\/xkruszywo-dolomitowe-frakcja-10-31.5.jpg 500w, https:\/\/dolomitlibiaz.pl\/wp-content\/uploads\/2023\/02\/xkruszywo-dolomitowe-frakcja-10-31.5-300x224.jpg 300w\" sizes=\"auto, (max-width: 500px) 100vw, 500px\" \/> <h3> Kruszywo 10-31,5 <\/h3>\n<img loading=\"lazy\" decoding=\"async\" width=\"2231\" height=\"1673\" src=\"https:\/\/dolomitlibiaz.pl\/wp-content\/uploads\/2023\/03\/31-635-1.jpg\" title=\"Kruszywo 31,5-63\" alt=\"Kruszywo 31,5-63\" srcset=\"https:\/\/dolomitlibiaz.pl\/wp-content\/uploads\/2023\/03\/31-635-1.jpg 2231w, https:\/\/dolomitlibiaz.pl\/wp-content\/uploads\/2023\/03\/31-635-1-300x225.jpg 300w, https:\/\/dolomitlibiaz.pl\/wp-content\/uploads\/2023\/03\/31-635-1-1024x768.jpg 1024w, https:\/\/dolomitlibiaz.pl\/wp-content\/uploads\/2023\/03\/31-635-1-768x576.jpg 768w, https:\/\/dolomitlibiaz.pl\/wp-content\/uploads\/2023\/03\/31-635-1-1536x1152.jpg 1536w, https:\/\/dolomitlibiaz.pl\/wp-content\/uploads\/2023\/03\/31-635-1-2048x1536.jpg 2048w\" sizes=\"auto, (max-width: 2231px) 100vw, 2231px\" \/> <h3> Kruszywo 31,5-63 <\/h3>\n<img src=\"http:\/\/dolomitlibiaz.pl\/wp-content\/uploads\/2023\/02\/xkamienne-elementy-budowlane-z-dolomitu.jpg\" width=\"600\" height=\"450\" title=\"Kamienne elementy budowlane\" alt=\"Kamienne elementy budowlane\"> <h3> Kamienne elementy budowlane <\/h3>\n<img src=\"http:\/\/dolomitlibiaz.pl\/wp-content\/uploads\/2023\/02\/xdolomitowa-kostka-brukowa.jpg\" width=\"600\" height=\"450\" title=\"Dolomitowa kostka brukowa\" alt=\"Dolomitowa kostka brukowa\"> <h3> Dolomitowa kostka brukowa <\/h3>\n<img src=\"http:\/\/dolomitlibiaz.pl\/wp-content\/uploads\/2023\/02\/xkamien-murowy-dolomit.jpg\" width=\"600\" height=\"450\" title=\"Kamie\u0144 murowy\" alt=\"Kamie\u0144 murowy\"> <h3> Kamie\u0144 murowy <\/h3>\n<h2 style=\"text-align: center;\">Jak dojecha\u0107 do Kopalani Dolomitu \u201eLibi\u0105\u017c\u201d?<\/h2>\n<h3><\/h3><iframe frameborder=\"0\" scrolling=\"no\" marginheight=\"0\" marginwidth=\"0\" src=\"https:\/\/maps.google.com\/maps?q=ul.+Kamienna+9+32-590+Libi%C4%85%C5%BC&amp;t=m&amp;z=12&amp;output=embed&amp;iwloc=near\"><\/iframe>","_links":{"self":[{"href":"https:\/\/dolomitlibiaz.pl\/index.php\/wp-json\/wp\/v2\/pages\/9","targetHints":{"allow":["GET"]}}],"collection":[{"href":"https:\/\/dolomitlibiaz.pl\/index.php\/wp-json\/wp\/v2\/pages"}],"about":[{"href":"https:\/\/dolomitlibiaz.pl\/index.php\/wp-json\/wp\/v2\/types\/page"}],"author":[{"embeddable":true,"href":"https:\/\/dolomitlibiaz.pl\/index.php\/wp-json\/wp\/v2\/users\/1"}],"replies":[{"embeddable":true,"href":"https:\/\/dolomitlibiaz.pl\/index.php\/wp-json\/wp\/v2\/comments?post=9"}],"version-history":[{"count":16,"href":"https:\/\/dolomitlibiaz.pl\/index.php\/wp-json\/wp\/v2\/pages\/9\/revisions"}],"predecessor-version":[{"id":130,"href":"https:\/\/dolomitlibiaz.pl\/index.php\/wp-json\/wp\/v2\/pages\/9\/revisions\/130"}],"wp:attachment":[{"href":"https:\/\/dolomitlibiaz.pl\/index.php\/wp-json\/wp\/v2\/media?parent=9"}],"curies":[{"name":"wp","href":"https:\/\/api.w.org\/{rel}","templated":true}]}}