{"id":57,"date":"2023-02-25T10:01:02","date_gmt":"2023-02-25T09:01:02","guid":{"rendered":"http:\/\/dolomitlibiaz.pl\/?page_id=57"},"modified":"2023-02-25T10:44:51","modified_gmt":"2023-02-25T09:44:51","slug":"o-firmie","status":"publish","type":"page","link":"https:\/\/dolomitlibiaz.pl\/index.php\/o-firmie\/","title":{"rendered":"O firmie"},"content":{"rendered":"<div id=\"themify_builder_content-57\" data-postid=\"57\" class=\"themify_builder_content themify_builder_content-57 themify_builder tf_clear\">\n    \t<!-- module_row -->\n\t<div   data-css_id=\"tb_mjil421\" data-lazy=\"1\" class=\"themify_builder_row module_row tb_gs6063f tb_mjil421 tb_first clearfix\">\n\t    <div class=\"tf_abs builder_row_cover\"><\/div>\t    <div class=\"row_inner col_align_top tf_box tf_w tf_rel\" >\n\t\t\t<div  data-lazy=\"1\" class=\"module_column tb-column col-full first tb_hm6i421 tf_box\">\n\t    \t    \t        <div class=\"tb-column-inner tf_box tf_w\">\n\t\t    <!-- module text -->\n<div  class=\"module module-text tb_um0h703    wow\" data-tf-animation=\"fadeIn\" data-lazy=\"1\">\n            <div  class=\"tb_text_wrap\">\n    <h2 style=\"text-align: center;\">O FIRMIE<\/h2>    <\/div>\n<\/div>\n<!-- \/module text -->\t        <\/div>\n\t    \t<\/div>\n\t\t    <\/div>\n\t    <!-- \/row_inner -->\n\t<\/div>\n\t<!-- \/module_row -->\n\t\t<!-- module_row -->\n\t<div   data-css_id=\"tb_09eu636\" data-lazy=\"1\" class=\"themify_builder_row module_row fullwidth tb_09eu636 clearfix\">\n\t    \t    <div class=\"row_inner col_align_top tf_box tf_w tf_rel\" >\n\t\t\t<div  data-lazy=\"1\" class=\"module_column tb-column col-full first tb_juuu636 tf_box\">\n\t    \t    \t        <div class=\"tb-column-inner tf_box tf_w\">\n\t\t    <!-- module text -->\n<div  class=\"module module-text tb_9g6t827    wow\" data-tf-animation=\"fadeIn\" data-lazy=\"1\">\n            <div  class=\"tb_text_wrap\">\n    <p><b>Przedsi\u0119biorstwo Produkcyjno Handlowe \u201eDolomit\u201d Sp\u00f3\u0142ka z ograniczon\u0105 odpowiedzialno\u015bci\u0105<\/b>\u00a0jest firm\u0105 prywatn\u0105, powsta\u0142\u0105 w 1993 roku na bazie Krakowskich Zak\u0142ad\u00f3w Kamienia Budowlanego, kt\u00f3ra przej\u0119\u0142a wieloletni\u0105 tradycj\u0119 oraz wykwalifikowanych pracownik\u00f3w.<\/p>    <\/div>\n<\/div>\n<!-- \/module text -->\t        <\/div>\n\t    \t<\/div>\n\t\t    <\/div>\n\t    <!-- \/row_inner -->\n\t<\/div>\n\t<!-- \/module_row -->\n\t\t<!-- module_row -->\n\t<div   data-css_id=\"tb_44ia314\" data-lazy=\"1\" class=\"themify_builder_row module_row fullwidth tb_44ia314 clearfix\">\n\t    \t    <div class=\"row_inner col_align_middle tf_box tf_w tf_rel\" >\n\t\t\t<div  data-lazy=\"1\" class=\"module_column tb-column col2-1 first tb_gqka314 tf_box\">\n\t    \t    \t        <div class=\"tb-column-inner tf_box tf_w\">\n\t\t    <!-- module image -->\n<div  class=\"module module-image tb_3tyc279 rounded drop-shadow  image-top tf_mw wow\" data-tf-animation=\"fadeInLeft\" data-lazy=\"1\">\n            <div class=\"image-wrap tf_rel tf_mw\">\n\t\t    <img loading=\"lazy\" decoding=\"async\" src=\"http:\/\/dolomitlibiaz.pl\/wp-content\/uploads\/2023\/02\/xkopalnia-dolomit-libiaz.jpg.pagespeed.ic_.hlOpZwuwTS.jpg\" width=\"600\" height=\"450\" title=\"O firmie\" alt=\"O firmie\">\t\n\t\t<\/div>\n\t<!-- \/image-wrap -->\n    \n    \n<\/div>\n<!-- \/module image -->\t        <\/div>\n\t    \t<\/div>\n\t\t<div  data-lazy=\"1\" class=\"module_column tb-column col2-1 last tb_cvsa314 tf_box\">\n\t    \t    \t        <div class=\"tb-column-inner tf_box tf_w\">\n\t\t    <!-- module text -->\n<div  class=\"module module-text tb_jiel599    wow\" data-tf-animation=\"fadeInRight\" data-lazy=\"1\">\n            <div  class=\"tb_text_wrap\">\n    <p>Przedsi\u0119biorstwem kieruje zarz\u0105d:\u00a0<b>mgr in\u017c. Iwona Wielgosz\u00a0<\/b>\u2013 Prezes Zarz\u0105du<\/p>\n<p>Sp\u00f3\u0142ka zosta\u0142a zarejestrowana w S\u0105dzie Rejonowym dla Krakowa \u2013 \u015ar\u00f3dmie\u015bcia w Krakowie XI Wydzia\u0142 Gospodarczy KRS.<br \/>\u2013 Numer KRS 0000149272<br \/>\u2013 Kapita\u0142 zak\u0142adowy 150.000,- z\u0142<\/p>\n<p>Firma zajmuje si\u0119 pozyskiwaniem oraz przerabianiem dolomitu triasowego \u201eLibi\u0105\u017c\u201d z w\u0142asnej kopalni odkrywkowej dolomitu w Libi\u0105\u017cu. Urabianie ska\u0142 odbywa si\u0119 przy pomocy strzelania metod\u0105 d\u0142ugich otwor\u00f3w. Odstrzelone masy skalne po rozdrobnieniu nadgabaryt\u00f3w transportowane s\u0105 do zak\u0142adu przer\u00f3bczego.<\/p>\n<p>Urobek trafia do produkcji kamiennych element\u00f3w budowlanych oraz kruszyw i nawozu wapniowo-magnezowego w\u0119glanowego.\u00a0 W swoim zak\u0142adzie produkcyjnym Kopalnia Dolomitu \u201eLibi\u0105\u017c\u201d dysponuje pe\u0142n\u0105 lini\u0105 technologiczn\u0105 do obr\u00f3bki kamienia.<\/p>    <\/div>\n<\/div>\n<!-- \/module text -->\t        <\/div>\n\t    \t<\/div>\n\t\t    <\/div>\n\t    <!-- \/row_inner -->\n\t<\/div>\n\t<!-- \/module_row -->\n\t\t<!-- module_row -->\n\t<div   data-css_id=\"tb_n65l34\" data-lazy=\"1\" class=\"themify_builder_row module_row fullwidth tb_n65l34 clearfix\">\n\t    \t    <div class=\"row_inner col_align_top tf_box tf_w tf_rel\" >\n\t\t\t<div  data-lazy=\"1\" class=\"module_column tb-column col-full first tb_llod35 tf_box\">\n\t    \t    \t        <div class=\"tb-column-inner tf_box tf_w\">\n\t\t    <!-- module text -->\n<div  class=\"module module-text tb_0r9f64    wow\" data-tf-animation=\"fadeInUp\" data-lazy=\"1\">\n            <div  class=\"tb_text_wrap\">\n    <p>Zak\u0142ad wyposa\u017cony jest w pi\u0142y diamentowe, traki do przecierania blok\u00f3w, szlifierko polerki. Dzi\u0119ki temu klientom w sprzeda\u017cy\u00a0<b>oferujemy gotowe kamienne wyroby budowlane z dolomitu jak: parapety, posadzki, schody, ok\u0142adziny elewacyjne, a tak\u017ce kostk\u0119 brukow\u0105, kamie\u0144 murowy czy \u0142upank\u0119 dolomitow\u0105<\/b>.<\/p>    <\/div>\n<\/div>\n<!-- \/module text -->\t        <\/div>\n\t    \t<\/div>\n\t\t    <\/div>\n\t    <!-- \/row_inner -->\n\t<\/div>\n\t<!-- \/module_row -->\n\t<\/div>\n\n","protected":false},"excerpt":{"rendered":"<p>O FIRMIE Przedsi\u0119biorstwo Produkcyjno Handlowe \u201eDolomit\u201d Sp\u00f3\u0142ka z ograniczon\u0105 odpowiedzialno\u015bci\u0105\u00a0jest firm\u0105 prywatn\u0105, powsta\u0142\u0105 w 1993 roku na bazie Krakowskich Zak\u0142ad\u00f3w Kamienia Budowlanego, kt\u00f3ra przej\u0119\u0142a wieloletni\u0105 tradycj\u0119 oraz wykwalifikowanych pracownik\u00f3w. Przedsi\u0119biorstwem kieruje zarz\u0105d:\u00a0mgr in\u017c. Iwona Wielgosz\u00a0\u2013 Prezes Zarz\u0105du Sp\u00f3\u0142ka zosta\u0142a zarejestrowana w S\u0105dzie Rejonowym dla Krakowa \u2013 \u015ar\u00f3dmie\u015bcia w Krakowie XI Wydzia\u0142 Gospodarczy KRS.\u2013 Numer KRS [&hellip;]<\/p>\n","protected":false},"author":1,"featured_media":0,"parent":0,"menu_order":0,"comment_status":"closed","ping_status":"closed","template":"","meta":{"footnotes":""},"class_list":["post-57","page","type-page","status-publish","hentry","has-post-title","has-post-date","has-post-category","has-post-tag","has-post-comment","has-post-author",""],"builder_content":"<h2 style=\"text-align: center;\">O FIRMIE<\/h2>\n<p><b>Przedsi\u0119biorstwo Produkcyjno Handlowe \u201eDolomit\u201d Sp\u00f3\u0142ka z ograniczon\u0105 odpowiedzialno\u015bci\u0105<\/b>\u00a0jest firm\u0105 prywatn\u0105, powsta\u0142\u0105 w 1993 roku na bazie Krakowskich Zak\u0142ad\u00f3w Kamienia Budowlanego, kt\u00f3ra przej\u0119\u0142a wieloletni\u0105 tradycj\u0119 oraz wykwalifikowanych pracownik\u00f3w.<\/p>\n<img src=\"http:\/\/dolomitlibiaz.pl\/wp-content\/uploads\/2023\/02\/xkopalnia-dolomit-libiaz.jpg.pagespeed.ic_.hlOpZwuwTS.jpg\" width=\"600\" height=\"450\" title=\"O firmie\" alt=\"O firmie\">\n<p>Przedsi\u0119biorstwem kieruje zarz\u0105d:\u00a0<b>mgr in\u017c. Iwona Wielgosz\u00a0<\/b>\u2013 Prezes Zarz\u0105du<\/p> <p>Sp\u00f3\u0142ka zosta\u0142a zarejestrowana w S\u0105dzie Rejonowym dla Krakowa \u2013 \u015ar\u00f3dmie\u015bcia w Krakowie XI Wydzia\u0142 Gospodarczy KRS.<br \/>\u2013 Numer KRS 0000149272<br \/>\u2013 Kapita\u0142 zak\u0142adowy 150.000,- z\u0142<\/p> <p>Firma zajmuje si\u0119 pozyskiwaniem oraz przerabianiem dolomitu triasowego \u201eLibi\u0105\u017c\u201d z w\u0142asnej kopalni odkrywkowej dolomitu w Libi\u0105\u017cu. Urabianie ska\u0142 odbywa si\u0119 przy pomocy strzelania metod\u0105 d\u0142ugich otwor\u00f3w. Odstrzelone masy skalne po rozdrobnieniu nadgabaryt\u00f3w transportowane s\u0105 do zak\u0142adu przer\u00f3bczego.<\/p> <p>Urobek trafia do produkcji kamiennych element\u00f3w budowlanych oraz kruszyw i nawozu wapniowo-magnezowego w\u0119glanowego.\u00a0 W swoim zak\u0142adzie produkcyjnym Kopalnia Dolomitu \u201eLibi\u0105\u017c\u201d dysponuje pe\u0142n\u0105 lini\u0105 technologiczn\u0105 do obr\u00f3bki kamienia.<\/p>\n<p>Zak\u0142ad wyposa\u017cony jest w pi\u0142y diamentowe, traki do przecierania blok\u00f3w, szlifierko polerki. Dzi\u0119ki temu klientom w sprzeda\u017cy\u00a0<b>oferujemy gotowe kamienne wyroby budowlane z dolomitu jak: parapety, posadzki, schody, ok\u0142adziny elewacyjne, a tak\u017ce kostk\u0119 brukow\u0105, kamie\u0144 murowy czy \u0142upank\u0119 dolomitow\u0105<\/b>.<\/p>","_links":{"self":[{"href":"https:\/\/dolomitlibiaz.pl\/index.php\/wp-json\/wp\/v2\/pages\/57","targetHints":{"allow":["GET"]}}],"collection":[{"href":"https:\/\/dolomitlibiaz.pl\/index.php\/wp-json\/wp\/v2\/pages"}],"about":[{"href":"https:\/\/dolomitlibiaz.pl\/index.php\/wp-json\/wp\/v2\/types\/page"}],"author":[{"embeddable":true,"href":"https:\/\/dolomitlibiaz.pl\/index.php\/wp-json\/wp\/v2\/users\/1"}],"replies":[{"embeddable":true,"href":"https:\/\/dolomitlibiaz.pl\/index.php\/wp-json\/wp\/v2\/comments?post=57"}],"version-history":[{"count":3,"href":"https:\/\/dolomitlibiaz.pl\/index.php\/wp-json\/wp\/v2\/pages\/57\/revisions"}],"predecessor-version":[{"id":72,"href":"https:\/\/dolomitlibiaz.pl\/index.php\/wp-json\/wp\/v2\/pages\/57\/revisions\/72"}],"wp:attachment":[{"href":"https:\/\/dolomitlibiaz.pl\/index.php\/wp-json\/wp\/v2\/media?parent=57"}],"curies":[{"name":"wp","href":"https:\/\/api.w.org\/{rel}","templated":true}]}}