{"id":16,"date":"2023-02-25T09:21:44","date_gmt":"2023-02-25T08:21:44","guid":{"rendered":"http:\/\/dolomitlibiaz.pl\/?page_id=16"},"modified":"2023-03-03T18:15:04","modified_gmt":"2023-03-03T17:15:04","slug":"produkty","status":"publish","type":"page","link":"https:\/\/dolomitlibiaz.pl\/index.php\/produkty\/","title":{"rendered":"Produkcja"},"content":{"rendered":"<div id=\"themify_builder_content-16\" data-postid=\"16\" class=\"themify_builder_content themify_builder_content-16 themify_builder tf_clear\">\n    \t<!-- module_row -->\n\t<div   data-css_id=\"tb_n8qz265\" data-lazy=\"1\" class=\"themify_builder_row module_row tb_gs6063f tb_n8qz265 tb_first clearfix\">\n\t    <div class=\"tf_abs builder_row_cover\"><\/div>\t    <div class=\"row_inner col_align_top tf_box tf_w tf_rel\" >\n\t\t\t<div  data-lazy=\"1\" class=\"module_column tb-column col-full first tb_ofa1265 tf_box\">\n\t    \t    \t        <div class=\"tb-column-inner tf_box tf_w\">\n\t\t    <!-- module text -->\n<div  class=\"module module-text tb_8jqt440   \" data-lazy=\"1\">\n            <div  class=\"tb_text_wrap\">\n    <h2 style=\"text-align: center;\">Produkcja<\/h2>    <\/div>\n<\/div>\n<!-- \/module text -->\t        <\/div>\n\t    \t<\/div>\n\t\t    <\/div>\n\t    <!-- \/row_inner -->\n\t<\/div>\n\t<!-- \/module_row -->\n\t\t<!-- module_row -->\n\t<div   data-css_id=\"tb_5gkv122\" data-lazy=\"1\" class=\"themify_builder_row module_row tb_5gkv122 clearfix\">\n\t    \t    <div class=\"row_inner col_align_top tf_box tf_w tf_rel\" >\n\t\t\t<div  data-lazy=\"1\" class=\"module_column tb-column col-full first tb_dahr122 tf_box\">\n\t    \t    \t        <div class=\"tb-column-inner tf_box tf_w\">\n\t\t    <!-- module text -->\n<div  class=\"module module-text tb_vwej349    wow\" data-tf-animation=\"fadeInUp\" data-lazy=\"1\">\n            <div  class=\"tb_text_wrap\">\n    <h2 style=\"text-align: center;\">Oferujemy kruszywa o nast\u0119puj\u0105cych frakcjach:<\/h2>    <\/div>\n<\/div>\n<!-- \/module text -->\t        <\/div>\n\t    \t<\/div>\n\t\t    <\/div>\n\t    <!-- \/row_inner -->\n\t<\/div>\n\t<!-- \/module_row -->\n\t\t<!-- module_row -->\n\t<div  data-css_id=\"tb_49gc631\" data-lazy=\"1\" class=\"themify_builder_row module_row tb_49gc631 clearfix\">\n\t    \t    <div class=\"row_inner col_align_middle tf_box tf_w tf_rel\" >\n\t\t\t<div  data-lazy=\"1\" class=\"module_column tb-column col2-1 first tb_2vzv631 tf_box\">\n\t    \t    \t        <div class=\"tb-column-inner tf_box tf_w\">\n\t\t    <!-- module gallery -->\n<div  class=\"module gallery module-gallery tb_v6mk631 layout-slider rounded drop-shadow \" data-lazy=\"1\">\n                <div class=\"swiper-container tf_carousel themify_builder_slider tf_rel tf_overflow\"\n\tdata-pager=\"0\"\n\t data-lazy=\"1\"\t\t\tdata-thumbs=\"tb_v6mk631_thumbs\"\n\t\tdata-effect=\"scroll\" \n\t\tdata-css_url=\"https:\/\/dolomitlibiaz.pl\/wp-content\/themes\/themify-ultra\/themify\/themify-builder\/css\/modules\/sliders\/carousel.css,https:\/\/dolomitlibiaz.pl\/wp-content\/themes\/themify-ultra\/themify\/themify-builder\/css\/modules\/sliders\/gallery.css\"\n\t\t\t\tdata-auto=\"3\"\n\t\tdata-pause_hover=\"0\"\n\t\t\t\tdata-speed=\"1\"\n\tdata-wrapvar=\"1\"\n\tdata-slider_nav=\"0\"\n\tdata-height=\"variable\"\n\t>\n\t<div class=\"swiper-wrapper tf_lazy tf_rel tf_w tf_h tf_textc\">\n\t\t\t\t\t<div class=\"swiper-slide\">\n\t\t\t<div class=\"slide-inner-wrap\">\n\t\t\t\t<div class=\"tf_lazy slide-image gallery-icon\"><img loading=\"lazy\" decoding=\"async\" width=\"807\" height=\"605\" src=\"https:\/\/dolomitlibiaz.pl\/wp-content\/uploads\/2023\/03\/Zrzut-ekranu-2023-03-03-173846-1.png\" class=\"wp-post-image wp-image-121\" title=\"Produkcja\" data-tf-not-load=\"1\" alt=\"Produkcja\" srcset=\"https:\/\/dolomitlibiaz.pl\/wp-content\/uploads\/2023\/03\/Zrzut-ekranu-2023-03-03-173846-1.png 807w, https:\/\/dolomitlibiaz.pl\/wp-content\/uploads\/2023\/03\/Zrzut-ekranu-2023-03-03-173846-1-300x225.png 300w, https:\/\/dolomitlibiaz.pl\/wp-content\/uploads\/2023\/03\/Zrzut-ekranu-2023-03-03-173846-1-768x576.png 768w\" sizes=\"auto, (max-width: 807px) 100vw, 807px\" \/>\t\t\t\t<\/div>\n\t\t\t\t\t\t\t<\/div><\/div>\n\t\t\t\t\t<div class=\"swiper-slide\">\n\t\t\t<div class=\"slide-inner-wrap\">\n\t\t\t\t<div class=\"tf_lazy slide-image gallery-icon\"><img loading=\"lazy\" decoding=\"async\" width=\"2231\" height=\"1673\" src=\"https:\/\/dolomitlibiaz.pl\/wp-content\/uploads\/2023\/03\/31-635-1.jpg\" class=\"wp-post-image wp-image-114\" title=\"Produkcja\" data-tf-not-load=\"1\" alt=\"Produkcja\" srcset=\"https:\/\/dolomitlibiaz.pl\/wp-content\/uploads\/2023\/03\/31-635-1.jpg 2231w, https:\/\/dolomitlibiaz.pl\/wp-content\/uploads\/2023\/03\/31-635-1-300x225.jpg 300w, https:\/\/dolomitlibiaz.pl\/wp-content\/uploads\/2023\/03\/31-635-1-1024x768.jpg 1024w, https:\/\/dolomitlibiaz.pl\/wp-content\/uploads\/2023\/03\/31-635-1-768x576.jpg 768w, https:\/\/dolomitlibiaz.pl\/wp-content\/uploads\/2023\/03\/31-635-1-1536x1152.jpg 1536w, https:\/\/dolomitlibiaz.pl\/wp-content\/uploads\/2023\/03\/31-635-1-2048x1536.jpg 2048w\" sizes=\"auto, (max-width: 2231px) 100vw, 2231px\" \/>\t\t\t\t<\/div>\n\t\t\t\t\t\t\t<\/div><\/div>\n\t\t\t\t\t<div class=\"swiper-slide\">\n\t\t\t<div class=\"slide-inner-wrap\">\n\t\t\t\t<div class=\"tf_lazy slide-image gallery-icon\"><img loading=\"lazy\" decoding=\"async\" width=\"807\" height=\"605\" src=\"https:\/\/dolomitlibiaz.pl\/wp-content\/uploads\/2023\/03\/0-63.png\" class=\"wp-post-image wp-image-113\" title=\"Produkcja\" data-tf-not-load=\"1\" alt=\"Produkcja\" srcset=\"https:\/\/dolomitlibiaz.pl\/wp-content\/uploads\/2023\/03\/0-63.png 807w, https:\/\/dolomitlibiaz.pl\/wp-content\/uploads\/2023\/03\/0-63-300x225.png 300w, https:\/\/dolomitlibiaz.pl\/wp-content\/uploads\/2023\/03\/0-63-768x576.png 768w\" sizes=\"auto, (max-width: 807px) 100vw, 807px\" \/>\t\t\t\t<\/div>\n\t\t\t\t\t\t\t<\/div><\/div>\n\t\t\t\t\t<div class=\"swiper-slide\">\n\t\t\t<div class=\"slide-inner-wrap\">\n\t\t\t\t<div class=\"tf_lazy slide-image gallery-icon\"><img loading=\"lazy\" decoding=\"async\" width=\"500\" height=\"374\" src=\"https:\/\/dolomitlibiaz.pl\/wp-content\/uploads\/2023\/02\/xkruszywo-dolomitowe-frakcja-10-31.5.jpg\" class=\"wp-post-image wp-image-45\" title=\"Produkcja\" data-tf-not-load=\"1\" alt=\"Produkcja\" srcset=\"https:\/\/dolomitlibiaz.pl\/wp-content\/uploads\/2023\/02\/xkruszywo-dolomitowe-frakcja-10-31.5.jpg 500w, https:\/\/dolomitlibiaz.pl\/wp-content\/uploads\/2023\/02\/xkruszywo-dolomitowe-frakcja-10-31.5-300x224.jpg 300w\" sizes=\"auto, (max-width: 500px) 100vw, 500px\" \/>\t\t\t\t<\/div>\n\t\t\t\t\t\t\t<\/div><\/div>\n\t\t\t<\/div>\n<\/div>\n    \n<\/div>\n<!-- \/module gallery -->\n\t        <\/div>\n\t    \t<\/div>\n\t\t<div  data-lazy=\"1\" class=\"module_column tb-column col2-1 last tb_xkzv631 tf_box\">\n\t    \t    \t        <div class=\"tb-column-inner tf_box tf_w\">\n\t\t    <!-- module text -->\n<div  class=\"module module-text tb_5r8d631    wow\" data-tf-animation=\"fadeInRight\" data-lazy=\"1\">\n            <div  class=\"tb_text_wrap\">\n    <div>0-31,5 mm<\/div>\n<div>0-63 mm<\/div>\n<div>4-10 mm<\/div>\n<div>10-30 mm<\/div>\n<div>31,5-63 mm<\/div>\n<div>80-220 mm<\/div>\n<div>0-10 mm<\/div>    <\/div>\n<\/div>\n<!-- \/module text -->\t        <\/div>\n\t    \t<\/div>\n\t\t    <\/div>\n\t    <!-- \/row_inner -->\n\t<\/div>\n\t<!-- \/module_row -->\n\t\t<!-- module_row -->\n\t<div   data-css_id=\"tb_x97v179\" data-lazy=\"1\" class=\"themify_builder_row module_row tb_x97v179 clearfix\">\n\t    \t    <div class=\"row_inner col_align_top tf_box tf_w tf_rel\" >\n\t\t\t<div  data-lazy=\"1\" class=\"module_column tb-column col-full first tb_o4b0179 tf_box\">\n\t    \t    \t        <div class=\"tb-column-inner tf_box tf_w\">\n\t\t    <!-- module text -->\n<div  class=\"module module-text tb_wl81179    wow\" data-tf-animation=\"fadeInUp\" data-lazy=\"1\">\n            <div  class=\"tb_text_wrap\">\n    <h2 style=\"text-align: center;\">Ponadto w naszej ofercie znajduj\u0105 si\u0119:<\/h2>    <\/div>\n<\/div>\n<!-- \/module text -->\t        <\/div>\n\t    \t<\/div>\n\t\t    <\/div>\n\t    <!-- \/row_inner -->\n\t<\/div>\n\t<!-- \/module_row -->\n\t\t<!-- module_row -->\n\t<div   data-css_id=\"tb_7gcs455\" data-lazy=\"1\" class=\"themify_builder_row module_row tb_7gcs455 clearfix\">\n\t    \t    <div class=\"row_inner col_align_middle tf_box tf_w tf_rel\" >\n\t\t\t<div  data-lazy=\"1\" class=\"module_column tb-column col2-1 first tb_i30e455 tf_box\">\n\t    \t    \t        <div class=\"tb-column-inner tf_box tf_w\">\n\t\t    <!-- module text -->\n<div  class=\"module module-text tb_1qat202    wow\" data-tf-animation=\"fadeInLeft\" data-lazy=\"1\">\n            <div  class=\"tb_text_wrap\">\n    <div>Naw\u00f3z<\/div>\n<div>Kamie\u0144 murowy<\/div>\n<div>Kamienne elementy budowlane<\/div>    <\/div>\n<\/div>\n<!-- \/module text -->\t        <\/div>\n\t    \t<\/div>\n\t\t<div  data-lazy=\"1\" class=\"module_column tb-column col2-1 last tb_e96g456 tf_box\">\n\t    \t    \t        <div class=\"tb-column-inner tf_box tf_w\">\n\t\t    <!-- module gallery -->\n<div  class=\"module gallery module-gallery tb_93nn563 layout-slider rounded drop-shadow \" data-lazy=\"1\">\n                <div class=\"swiper-container tf_carousel themify_builder_slider tf_rel tf_overflow\"\n\tdata-pager=\"0\"\n\t data-lazy=\"1\"\t\t\tdata-thumbs=\"tb_93nn563_thumbs\"\n\t\tdata-effect=\"scroll\" \n\t\tdata-css_url=\"https:\/\/dolomitlibiaz.pl\/wp-content\/themes\/themify-ultra\/themify\/themify-builder\/css\/modules\/sliders\/carousel.css,https:\/\/dolomitlibiaz.pl\/wp-content\/themes\/themify-ultra\/themify\/themify-builder\/css\/modules\/sliders\/gallery.css\"\n\t\t\t\tdata-auto=\"3\"\n\t\tdata-pause_hover=\"0\"\n\t\t\t\tdata-speed=\"1\"\n\tdata-wrapvar=\"1\"\n\tdata-slider_nav=\"0\"\n\tdata-height=\"variable\"\n\t>\n\t<div class=\"swiper-wrapper tf_lazy tf_rel tf_w tf_h tf_textc\">\n\t\t\t\t\t<div class=\"swiper-slide\">\n\t\t\t<div class=\"slide-inner-wrap\">\n\t\t\t\t<div class=\"tf_lazy slide-image gallery-icon\"><img loading=\"lazy\" decoding=\"async\" width=\"600\" height=\"450\" src=\"https:\/\/dolomitlibiaz.pl\/wp-content\/uploads\/2023\/02\/xdolomitowa-kostka-brukowa.jpg\" class=\"wp-post-image wp-image-43\" title=\"xdolomitowa-kostka-brukowa\" data-tf-not-load=\"1\" alt=\"xdolomitowa-kostka-brukowa\" srcset=\"https:\/\/dolomitlibiaz.pl\/wp-content\/uploads\/2023\/02\/xdolomitowa-kostka-brukowa.jpg 600w, https:\/\/dolomitlibiaz.pl\/wp-content\/uploads\/2023\/02\/xdolomitowa-kostka-brukowa-300x225.jpg 300w\" sizes=\"auto, (max-width: 600px) 100vw, 600px\" \/>\t\t\t\t<\/div>\n\t\t\t\t\t\t\t<\/div><\/div>\n\t\t\t\t\t<div class=\"swiper-slide\">\n\t\t\t<div class=\"slide-inner-wrap\">\n\t\t\t\t<div class=\"tf_lazy slide-image gallery-icon\"><img loading=\"lazy\" decoding=\"async\" width=\"600\" height=\"450\" src=\"https:\/\/dolomitlibiaz.pl\/wp-content\/uploads\/2023\/02\/xkamien-murowy-dolomit.jpg\" class=\"wp-post-image wp-image-44\" title=\"xkamien-murowy-dolomit\" data-tf-not-load=\"1\" alt=\"xkamien-murowy-dolomit\" srcset=\"https:\/\/dolomitlibiaz.pl\/wp-content\/uploads\/2023\/02\/xkamien-murowy-dolomit.jpg 600w, https:\/\/dolomitlibiaz.pl\/wp-content\/uploads\/2023\/02\/xkamien-murowy-dolomit-300x225.jpg 300w\" sizes=\"auto, (max-width: 600px) 100vw, 600px\" \/>\t\t\t\t<\/div>\n\t\t\t\t\t\t\t<\/div><\/div>\n\t\t\t\t\t<div class=\"swiper-slide\">\n\t\t\t<div class=\"slide-inner-wrap\">\n\t\t\t\t<div class=\"tf_lazy slide-image gallery-icon\"><img loading=\"lazy\" decoding=\"async\" width=\"600\" height=\"450\" src=\"https:\/\/dolomitlibiaz.pl\/wp-content\/uploads\/2023\/02\/xkamienne-elementy-budowlane-z-dolomitu.jpg\" class=\"wp-post-image wp-image-42\" title=\"xkamienne-elementy-budowlane-z-dolomitu\" data-tf-not-load=\"1\" alt=\"xkamienne-elementy-budowlane-z-dolomitu\" srcset=\"https:\/\/dolomitlibiaz.pl\/wp-content\/uploads\/2023\/02\/xkamienne-elementy-budowlane-z-dolomitu.jpg 600w, https:\/\/dolomitlibiaz.pl\/wp-content\/uploads\/2023\/02\/xkamienne-elementy-budowlane-z-dolomitu-300x225.jpg 300w\" sizes=\"auto, (max-width: 600px) 100vw, 600px\" \/>\t\t\t\t<\/div>\n\t\t\t\t\t\t\t<\/div><\/div>\n\t\t\t\t\t<div class=\"swiper-slide\">\n\t\t\t<div class=\"slide-inner-wrap\">\n\t\t\t\t<div class=\"tf_lazy slide-image gallery-icon\"><img loading=\"lazy\" decoding=\"async\" width=\"2560\" height=\"1920\" src=\"https:\/\/dolomitlibiaz.pl\/wp-content\/uploads\/2023\/02\/lupanka-boniowka-4-scaled.jpg\" class=\"wp-post-image wp-image-92\" title=\"\u0142upanka boni\u00f3wka (4)\" data-tf-not-load=\"1\" alt=\"\u0142upanka boni\u00f3wka (4)\" srcset=\"https:\/\/dolomitlibiaz.pl\/wp-content\/uploads\/2023\/02\/lupanka-boniowka-4-scaled.jpg 2560w, https:\/\/dolomitlibiaz.pl\/wp-content\/uploads\/2023\/02\/lupanka-boniowka-4-300x225.jpg 300w, https:\/\/dolomitlibiaz.pl\/wp-content\/uploads\/2023\/02\/lupanka-boniowka-4-1024x768.jpg 1024w, https:\/\/dolomitlibiaz.pl\/wp-content\/uploads\/2023\/02\/lupanka-boniowka-4-768x576.jpg 768w, https:\/\/dolomitlibiaz.pl\/wp-content\/uploads\/2023\/02\/lupanka-boniowka-4-1536x1152.jpg 1536w, https:\/\/dolomitlibiaz.pl\/wp-content\/uploads\/2023\/02\/lupanka-boniowka-4-2048x1536.jpg 2048w\" sizes=\"auto, (max-width: 2560px) 100vw, 2560px\" \/>\t\t\t\t<\/div>\n\t\t\t\t\t\t\t<\/div><\/div>\n\t\t\t<\/div>\n<\/div>\n    \n<\/div>\n<!-- \/module gallery -->\n\t        <\/div>\n\t    \t<\/div>\n\t\t    <\/div>\n\t    <!-- \/row_inner -->\n\t<\/div>\n\t<!-- \/module_row -->\n\t\t<!-- module_row -->\n\t<div   data-css_id=\"tb_hot3994\" data-lazy=\"1\" class=\"themify_builder_row module_row tb_hot3994 clearfix\">\n\t    \t    <div class=\"row_inner col_align_top tf_box tf_w tf_rel\" >\n\t\t\t<div  data-lazy=\"1\" class=\"module_column tb-column col-full first tb_cqtz995 tf_box\">\n\t    \t    \t        <div class=\"tb-column-inner tf_box tf_w\">\n\t\t    <!-- module text -->\n<div  class=\"module module-text tb_a7hb86    wow\" data-tf-animation=\"fadeInUp\" data-lazy=\"1\">\n            <div  class=\"tb_text_wrap\">\n    <h2 style=\"text-align: center;\">W razie wszelkich pyta\u0144 zapraszamy do kontaktu!<\/h2>    <\/div>\n<\/div>\n<!-- \/module text --><!-- module buttons -->\n<div  class=\"module module-buttons tb_0yk6694 buttons-horizontal solid  xlarge rounded tf_textc wow\" data-tf-animation=\"fadeInUp\" data-lazy=\"1\">\n            \t<div class=\"module-buttons-item tf_inline_b\">\n\t    \t\t    <a href=\"https:\/\/dolomitlibiaz.pl\/index.php\/kontakt\/\" class=\"ui builder_button tb_default_color\" >\n\t\t\t\t        \t\t<span class=\"tf_inline_b tf_vmiddle\">FORMULARZ KONTAKTOWY<\/span>\n\t\t    \t\t    \t\t    <\/a>\n\t\t        \t<\/div>\n\t    <\/div>\n<!-- \/module buttons -->\n\t        <\/div>\n\t    \t<\/div>\n\t\t    <\/div>\n\t    <!-- \/row_inner -->\n\t<\/div>\n\t<!-- \/module_row -->\n\t<\/div>\n\n","protected":false},"excerpt":{"rendered":"<p>Produkcja Oferujemy kruszywa o nast\u0119puj\u0105cych frakcjach: 0-31,5 mm 0-63 mm 4-10 mm 10-30 mm 31,5-63 mm 80-220 mm 0-10 mm Ponadto w naszej ofercie znajduj\u0105 si\u0119: Naw\u00f3z Kamie\u0144 murowy Kamienne elementy budowlane W razie wszelkich pyta\u0144 zapraszamy do kontaktu! FORMULARZ KONTAKTOWY<\/p>\n","protected":false},"author":1,"featured_media":0,"parent":0,"menu_order":0,"comment_status":"closed","ping_status":"closed","template":"","meta":{"footnotes":""},"class_list":["post-16","page","type-page","status-publish","hentry","has-post-title","has-post-date","has-post-category","has-post-tag","has-post-comment","has-post-author",""],"builder_content":"<h2 style=\"text-align: center;\">Produkcja<\/h2>\n<h2 style=\"text-align: center;\">Oferujemy kruszywa o nast\u0119puj\u0105cych frakcjach:<\/h2>\n[gallery ids=\"121,114,113,45\"]\n0-31,5 mm 0-63 mm 4-10 mm 10-30 mm 31,5-63 mm 80-220 mm 0-10 mm\n<h2 style=\"text-align: center;\">Ponadto w naszej ofercie znajduj\u0105 si\u0119:<\/h2>\nNaw\u00f3z Kamie\u0144 murowy Kamienne elementy budowlane\n[gallery ids=\"43,44,42,92\"]\n<h2 style=\"text-align: center;\">W razie wszelkich pyta\u0144 zapraszamy do kontaktu!<\/h2>\n<a href=\"https:\/\/dolomitlibiaz.pl\/index.php\/kontakt\/\" > FORMULARZ KONTAKTOWY <\/a>","_links":{"self":[{"href":"https:\/\/dolomitlibiaz.pl\/index.php\/wp-json\/wp\/v2\/pages\/16","targetHints":{"allow":["GET"]}}],"collection":[{"href":"https:\/\/dolomitlibiaz.pl\/index.php\/wp-json\/wp\/v2\/pages"}],"about":[{"href":"https:\/\/dolomitlibiaz.pl\/index.php\/wp-json\/wp\/v2\/types\/page"}],"author":[{"embeddable":true,"href":"https:\/\/dolomitlibiaz.pl\/index.php\/wp-json\/wp\/v2\/users\/1"}],"replies":[{"embeddable":true,"href":"https:\/\/dolomitlibiaz.pl\/index.php\/wp-json\/wp\/v2\/comments?post=16"}],"version-history":[{"count":13,"href":"https:\/\/dolomitlibiaz.pl\/index.php\/wp-json\/wp\/v2\/pages\/16\/revisions"}],"predecessor-version":[{"id":133,"href":"https:\/\/dolomitlibiaz.pl\/index.php\/wp-json\/wp\/v2\/pages\/16\/revisions\/133"}],"wp:attachment":[{"href":"https:\/\/dolomitlibiaz.pl\/index.php\/wp-json\/wp\/v2\/media?parent=16"}],"curies":[{"name":"wp","href":"https:\/\/api.w.org\/{rel}","templated":true}]}}