{"id":12,"date":"2023-02-25T09:21:20","date_gmt":"2023-02-25T08:21:20","guid":{"rendered":"http:\/\/dolomitlibiaz.pl\/?page_id=12"},"modified":"2023-02-25T16:07:54","modified_gmt":"2023-02-25T15:07:54","slug":"kontakt","status":"publish","type":"page","link":"https:\/\/dolomitlibiaz.pl\/index.php\/kontakt\/","title":{"rendered":"Kontakt"},"content":{"rendered":"<div id=\"themify_builder_content-12\" data-postid=\"12\" class=\"themify_builder_content themify_builder_content-12 themify_builder tf_clear\">\n    \t<!-- module_row -->\n\t<div   data-css_id=\"tb_3q97581\" data-lazy=\"1\" class=\"themify_builder_row module_row tb_gs6063f tb_3q97581 tb_first clearfix\">\n\t    <div class=\"tf_abs builder_row_cover\"><\/div>\t    <div class=\"row_inner col_align_top tf_box tf_w tf_rel\" >\n\t\t\t<div  data-lazy=\"1\" class=\"module_column tb-column col-full first tb_9n1y581 tf_box\">\n\t    \t    \t        <div class=\"tb-column-inner tf_box tf_w\">\n\t\t    <!-- module text -->\n<div  class=\"module module-text tb_6caf608   \" data-lazy=\"1\">\n            <div  class=\"tb_text_wrap\">\n    <h2 style=\"text-align: center;\">KONTAKT<\/h2>    <\/div>\n<\/div>\n<!-- \/module text -->\t        <\/div>\n\t    \t<\/div>\n\t\t    <\/div>\n\t    <!-- \/row_inner -->\n\t<\/div>\n\t<!-- \/module_row -->\n\t\t<!-- module_row -->\n\t<div   data-css_id=\"tb_jcvi17\" data-lazy=\"1\" class=\"themify_builder_row module_row fullwidth tb_jcvi17 clearfix\">\n\t    \t    <div class=\"row_inner col_align_middle tf_box tf_w tf_rel\" >\n\t\t\t<div  data-lazy=\"1\" class=\"module_column tb-column col2-1 first tb_blp418 tf_box\">\n\t    \t    \t        <div class=\"tb-column-inner tf_box tf_w\">\n\t\t    <!-- module text -->\n<div  class=\"module module-text tb_y4g3302    wow\" data-tf-animation=\"fadeInLeft\" data-lazy=\"1\">\n            <div  class=\"tb_text_wrap\">\n    <p>Chcesz aby\u015bmy z dolomitu wyprodukowali dla Ciebie kamienne elementy budowlane, jeste\u015b zainteresowany kruszywami budowlanymi, t\u0142uczniem lub mieszankami?<\/p>\n<p>Zadzwo\u0144:<\/p>\n<p><strong>Mariusz Bo\u017cek \u2013 Dyrektor Marketingu 696 465 126<\/strong><\/p>\n<p>lub napisz na mariusz.bozek@poczta.fm<\/p>\n<p><strong>Prezes Zarz\u0105du Dolomit 32-624-20-29<\/strong><\/p>\n<h4 class=\"title\">Adres kopalni:<\/h4>\n<div class=\"textwidget\">\n<p>Kopalnia Dolomitu \u201eLibi\u0105\u017c\u201d<\/p>\n<p>ul. Kamienna 9<br \/>32-590 Libi\u0105\u017c<\/p>\n<p>tel.: 32 627 72 81<br \/>tel.\/fax: 32 627 72 73<br \/>e-mail: dolomit.libiaz@interia.pl<\/p>\n<\/div>    <\/div>\n<\/div>\n<!-- \/module text -->\t        <\/div>\n\t    \t<\/div>\n\t\t<div  data-lazy=\"1\" class=\"module_column tb-column col2-1 last tb_2msn18 tf_box\">\n\t    \t    \t        <div class=\"tb-column-inner tf_box tf_w\">\n\t\t    <!-- module map -->\n<div  class=\"module module-map tb_x5ts740  wow\" data-tf-animation=\"fadeInRight\">\n            \t\t\t    \t    <link rel=\"preconnect\" href=\"https:\/\/maps.googleapis.com\" crossorigin\/>\n\t\t<div\n\t    data-lazy=\"1\" \t    data-map-provider=\"google\"\n\t    data-address=\"ul. Kamienna 9 32-590 Libi\u0105\u017c\"\n\t    data-zoom=\"12\"\n\t    data-type=\"ROADMAP\"\n\t    data-scroll=\"\"\n\t    data-drag=\"1\"\n\t    data-mdrag=\"1\"\n\t    data-control=\"\"\n\t    class=\"tf_lazy themify_map\"\n\t    style=\"width:100%;height:500px;\"\n\t    data-info-window=\"&lt;b&gt;Address&lt;\/b&gt;&lt;br\/&gt;&lt;p&gt;ul. Kamienna 9 32-590 Libi\u0105\u017c&lt;\/p&gt;\"\n\t    data-reverse-geocoding=\"\">\n\t<\/div>\n    <\/div>\n<!-- \/module map -->\n\t        <\/div>\n\t    \t<\/div>\n\t\t    <\/div>\n\t    <!-- \/row_inner -->\n\t<\/div>\n\t<!-- \/module_row -->\n\t\t<!-- module_row -->\n\t<div   data-css_id=\"tb_g0fw477\" data-lazy=\"1\" class=\"themify_builder_row module_row fullwidth tb_g0fw477 clearfix\">\n\t    \t    <div class=\"row_inner col_align_top tf_box tf_w tf_rel\" >\n\t\t\t<div  data-lazy=\"1\" class=\"module_column tb-column col-full first tb_u9jx477 tf_box\">\n\t    \t    \t        <div class=\"tb-column-inner tf_box tf_w\">\n\t\t    <!-- module contact -->\n<div  id=\"tb_yjup406\" class=\"module module-contact tb_yjup406 animated-label contact-style2  wow\" data-tf-animation=\"fadeInUp\" data-lazy=\"1\">\n        \n    \n\t<form\n\t\taction=\"https:\/\/dolomitlibiaz.pl\/wp-admin\/admin-ajax.php\"\n\t\tclass=\"builder-contact\"\n\t\tid=\"tb_yjup406-form\"\n\t\tmethod=\"post\"\n\t\tdata-post-id=\"12\"\n\t\tdata-element-id=\"yjup406\"\n\t>\n    <div class=\"contact-message\"><\/div>\n\t<div class=\"builder-contact-fields tf_rel\">\n\t\t    \t\t    <div class=\"builder-contact-field builder-contact-field-name builder-contact-text-field\">\n\t\t\t    <label class=\"control-label\" for=\"tb_yjup406-contact-name\"><span class=\"tb-label-span\">Nazwa <\/span><span class=\"required\">*<\/span><\/label>\n\t\t\t    <div class=\"control-input\">\n\t\t\t\t    \t\t\t\t\t    <input type=\"text\" name=\"contact-name\" placeholder=\"\" id=\"tb_yjup406-contact-name\" value=\"\" class=\"form-control\" required\/>\n\t\t\t\t    \t\t\t\t    \t\t\t    <\/div>\n\t\t<\/div>\n\t    \n\t\t    \t\t    <div class=\"builder-contact-field builder-contact-field-email builder-contact-text-field\">\n\t\t\t    <label class=\"control-label\" for=\"tb_yjup406-contact-email\"><span class=\"tb-label-span\">Email <\/span><span class=\"required\">*<\/span><\/label>\n\t\t\t    <div class=\"control-input\">\n\t\t\t\t    \t\t\t\t\t    <input type=\"text\" name=\"contact-email\" placeholder=\"\" id=\"tb_yjup406-contact-email\" value=\"\" class=\"form-control\" required\/>\n\t\t\t\t    \t\t\t\t    \t\t\t    <\/div>\n\t\t<\/div>\n\t    \n\t\t    \t\t    <div class=\"builder-contact-field builder-contact-field-message builder-contact-textarea-field\">\n\t\t\t    <label class=\"control-label\" for=\"tb_yjup406-contact-message\"><span class=\"tb-label-span\">Twoja wiadomo\u015b\u0107 <\/span><span class=\"required\">*<\/span><\/label>\n\t\t\t    <div class=\"control-input\">\n\t\t\t\t    \t\t\t\t\t    <textarea name=\"contact-message\" placeholder=\"\" id=\"tb_yjup406-contact-message\" rows=\"8\" cols=\"45\" class=\"form-control\" required><\/textarea>\n\t\t\t\t    \t\t\t\t    \t\t\t    <\/div>\n\t\t<\/div>\n\t    \n\t\t    \n\t\t\t    \n\t\t\t    \t\t\t\t    <div class=\"builder-contact-field builder-contact-field-gdpr\">\n\t\t\t\t\t    <div class=\"control-label\">\n\t\t\t\t\t\t    <div class=\"control-input checkbox\">\n\t\t\t\t\t\t\t    <label class=\"field-gdpr\">\n\t\t\t\t\t\t\t\t    <input type=\"checkbox\" name=\"gdpr\" value=\"1\" required\/> Wyra\u017cam zgod\u0119 na przetwarzanie podanych przeze mnie w powy\u017cszym formularzu danych osobowych przez P.P.H. \"DOLOMIT\" Sp. z o.o. w celu wyja\u015bnienia zg\u0142oszonej przeze mnie sprawy.\n <span class=\"required\">*<\/span>\n\t\t\t\t\t\t\t    <\/label>\n\t\t\t\t\t\t    <\/div>\n\t\t\t\t\t    <\/div>\n\t\t\t\t    <\/div>\n\t\t\t    \n\t    \t    <div class=\"builder-contact-field builder-contact-field-send control-input tf_textc tf_clear\">\n\t\t\t<button type=\"submit\" class=\"btn btn-primary\"><span class=\"tf_loader\"><\/span> Wy\u015blij<\/button>\n\t    <\/div>\n\t<\/div>\n    <\/form>\n\n    <\/div>\n<!-- \/module contact -->\n<!-- module text -->\n<div  class=\"module module-text tb_rhfx253    wow\" data-tf-animation=\"fadeInUp\" data-lazy=\"1\">\n            <div  class=\"tb_text_wrap\">\n    <p><strong>Zgodnie z art. 13 ust. 1 i ust. 2 og\u00f3lnego rozporz\u0105dzenia o ochronie danych osobowych 679\/2016 z dnia 27 kwietnia 2016 r. (RODO) informuj\u0119, \u017ce Administratorem danych osobowych wskazanych w formularzu przez Pani\u0105\/Pana jest Przedsi\u0119biorstwo Produkcyjno Handlowe DOLOMIT Sp. z o.o. z siedzib\u0105 w Krakowie przy ul. Marii Bobrzeckiej 1\/26<\/strong>\u00a0<strong>zwany dalej &#8222;Administratorem&#8221;<\/strong><br \/>Pani\/Pana dane osobowe nie b\u0119d\u0105 przekazywane innym podmiotom, nie b\u0119d\u0105 przekazywane do pa\u0144stwa trzeciego\/organizacji mi\u0119dzynarodowej.<br \/>Posiada Pani\/Pan prawo dost\u0119pu do tre\u015bci swoich danych oraz prawo ich sprostowania, usuni\u0119cia, ograniczenia przetwarzania, prawo do przenoszenia danych, prawo do wzniesienia sprzeciwu, prawo do cofni\u0119cia zgody w dowolnym momencie bez wp\u0142ywu na zgodno\u015b\u0107 z prawem przetwarzania.<br \/>Przys\u0142uguje Pani\/Panu prawo wzniesienia skargi do organu nadzorczego tj. GIODO, a od 25 maja 2018 r. Prezesa Urz\u0119du Ochrony Danych, gdy uzna Pani\/Pan, i\u017c przetwarzanie danych osobowych Pani\/Pana dotycz\u0105cych, narusza przepisy Og\u00f3lnego Rozporz\u0105dzenia o Ochronie Danych Osobowych 679\/2016 z dnia 27 kwietnia 2016 r. (Dz. Urz. UE L 119 z 04.05.2016)<br \/><strong>Zebrane dane b\u0119dziemy przechowywa\u0107:<\/strong><br \/>W przypadku zgody na przetwarzanie podanych danych osobowych przez w celu wyja\u015bnienia zg\u0142oszonej sprawy: do czasu wyja\u015bnienia zg\u0142oszonej sprawy.<br \/>W przypadku otrzymania zgody na otrzymywanie informacji handlowych oraz materia\u0142\u00f3w promocyjnych drog\u0105 elektroniczn\u0105: do czasu wycofania zgody.<br \/>W przypadku zgody na wykorzystywanie telekomunikacyjnych urz\u0105dze\u0144 ko\u0144cowych w celu marketingu bezpo\u015bredniego: do czasu wycofania zgody.<\/p>    <\/div>\n<\/div>\n<!-- \/module text -->\t        <\/div>\n\t    \t<\/div>\n\t\t    <\/div>\n\t    <!-- \/row_inner -->\n\t<\/div>\n\t<!-- \/module_row -->\n\t<\/div>\n\n","protected":false},"excerpt":{"rendered":"<p>KONTAKT Chcesz aby\u015bmy z dolomitu wyprodukowali dla Ciebie kamienne elementy budowlane, jeste\u015b zainteresowany kruszywami budowlanymi, t\u0142uczniem lub mieszankami? Zadzwo\u0144: Mariusz Bo\u017cek \u2013 Dyrektor Marketingu 696 465 126 lub napisz na mariusz.bozek@poczta.fm Prezes Zarz\u0105du Dolomit 32-624-20-29 Adres kopalni: Kopalnia Dolomitu \u201eLibi\u0105\u017c\u201d ul. Kamienna 932-590 Libi\u0105\u017c tel.: 32 627 72 81tel.\/fax: 32 627 72 73e-mail: dolomit.libiaz@interia.pl Nazwa [&hellip;]<\/p>\n","protected":false},"author":1,"featured_media":0,"parent":0,"menu_order":0,"comment_status":"closed","ping_status":"closed","template":"","meta":{"footnotes":""},"class_list":["post-12","page","type-page","status-publish","hentry","has-post-title","has-post-date","has-post-category","has-post-tag","has-post-comment","has-post-author",""],"builder_content":"<h2 style=\"text-align: center;\">KONTAKT<\/h2>\n<p>Chcesz aby\u015bmy z dolomitu wyprodukowali dla Ciebie kamienne elementy budowlane, jeste\u015b zainteresowany kruszywami budowlanymi, t\u0142uczniem lub mieszankami?<\/p> <p>Zadzwo\u0144:<\/p> <p><strong>Mariusz Bo\u017cek \u2013 Dyrektor Marketingu 696 465 126<\/strong><\/p> <p>lub napisz na mariusz.bozek@poczta.fm<\/p> <p><strong>Prezes Zarz\u0105du Dolomit 32-624-20-29<\/strong><\/p> <h4>Adres kopalni:<\/h4>\n<p>Kopalnia Dolomitu \u201eLibi\u0105\u017c\u201d<\/p> <p>ul. Kamienna 9<br \/>32-590 Libi\u0105\u017c<\/p> <p>tel.: 32 627 72 81<br \/>tel.\/fax: 32 627 72 73<br \/>e-mail: dolomit.libiaz@interia.pl<\/p>\n<h3><\/h3><iframe frameborder=\"0\" scrolling=\"no\" marginheight=\"0\" marginwidth=\"0\" src=\"https:\/\/maps.google.com\/maps?q=ul.+Kamienna+9+32-590+Libi%C4%85%C5%BC&amp;t=m&amp;z=12&amp;output=embed&amp;iwloc=near\"><\/iframe>\n<form action=\"https:\/\/dolomitlibiaz.pl\/wp-admin\/admin-ajax.php\" class=\"builder-contact\" id=\"tb_yjup406-form\" method=\"post\" data-post-id=\"0\" data-element-id=\"yjup406\" > <label for=\"tb_yjup406-contact-name\">Nazwa *<\/label> <input type=\"text\" name=\"contact-name\" placeholder=\"\" id=\"tb_yjup406-contact-name\" value=\"\" required\/> <label for=\"tb_yjup406-contact-email\">Email *<\/label> <input type=\"text\" name=\"contact-email\" placeholder=\"\" id=\"tb_yjup406-contact-email\" value=\"\" required\/> <label for=\"tb_yjup406-contact-message\">Twoja wiadomo\u015b\u0107 *<\/label> <textarea name=\"contact-message\" placeholder=\"\" id=\"tb_yjup406-contact-message\" rows=\"8\" cols=\"45\" required><\/textarea> <label> <input type=\"checkbox\" name=\"gdpr\" value=\"1\" required\/> Wyra\u017cam zgod\u0119 na przetwarzanie podanych przeze mnie w powy\u017cszym formularzu danych osobowych przez P.P.H. \"DOLOMIT\" Sp. z o.o. w celu wyja\u015bnienia zg\u0142oszonej przeze mnie sprawy. * <\/label> <button type=\"submit\"> Wy\u015blij<\/button> <\/form>\n<p><strong>Zgodnie z art. 13 ust. 1 i ust. 2 og\u00f3lnego rozporz\u0105dzenia o ochronie danych osobowych 679\/2016 z dnia 27 kwietnia 2016 r. (RODO) informuj\u0119, \u017ce Administratorem danych osobowych wskazanych w formularzu przez Pani\u0105\/Pana jest Przedsi\u0119biorstwo Produkcyjno Handlowe DOLOMIT Sp. z o.o. z siedzib\u0105 w Krakowie przy ul. Marii Bobrzeckiej 1\/26<\/strong>\u00a0<strong>zwany dalej \"Administratorem\"<\/strong><br \/>Pani\/Pana dane osobowe nie b\u0119d\u0105 przekazywane innym podmiotom, nie b\u0119d\u0105 przekazywane do pa\u0144stwa trzeciego\/organizacji mi\u0119dzynarodowej.<br \/>Posiada Pani\/Pan prawo dost\u0119pu do tre\u015bci swoich danych oraz prawo ich sprostowania, usuni\u0119cia, ograniczenia przetwarzania, prawo do przenoszenia danych, prawo do wzniesienia sprzeciwu, prawo do cofni\u0119cia zgody w dowolnym momencie bez wp\u0142ywu na zgodno\u015b\u0107 z prawem przetwarzania.<br \/>Przys\u0142uguje Pani\/Panu prawo wzniesienia skargi do organu nadzorczego tj. GIODO, a od 25 maja 2018 r. Prezesa Urz\u0119du Ochrony Danych, gdy uzna Pani\/Pan, i\u017c przetwarzanie danych osobowych Pani\/Pana dotycz\u0105cych, narusza przepisy Og\u00f3lnego Rozporz\u0105dzenia o Ochronie Danych Osobowych 679\/2016 z dnia 27 kwietnia 2016 r. (Dz. Urz. UE L 119 z 04.05.2016)<br \/><strong>Zebrane dane b\u0119dziemy przechowywa\u0107:<\/strong><br \/>W przypadku zgody na przetwarzanie podanych danych osobowych przez w celu wyja\u015bnienia zg\u0142oszonej sprawy: do czasu wyja\u015bnienia zg\u0142oszonej sprawy.<br \/>W przypadku otrzymania zgody na otrzymywanie informacji handlowych oraz materia\u0142\u00f3w promocyjnych drog\u0105 elektroniczn\u0105: do czasu wycofania zgody.<br \/>W przypadku zgody na wykorzystywanie telekomunikacyjnych urz\u0105dze\u0144 ko\u0144cowych w celu marketingu bezpo\u015bredniego: do czasu wycofania zgody.<\/p>","_links":{"self":[{"href":"https:\/\/dolomitlibiaz.pl\/index.php\/wp-json\/wp\/v2\/pages\/12","targetHints":{"allow":["GET"]}}],"collection":[{"href":"https:\/\/dolomitlibiaz.pl\/index.php\/wp-json\/wp\/v2\/pages"}],"about":[{"href":"https:\/\/dolomitlibiaz.pl\/index.php\/wp-json\/wp\/v2\/types\/page"}],"author":[{"embeddable":true,"href":"https:\/\/dolomitlibiaz.pl\/index.php\/wp-json\/wp\/v2\/users\/1"}],"replies":[{"embeddable":true,"href":"https:\/\/dolomitlibiaz.pl\/index.php\/wp-json\/wp\/v2\/comments?post=12"}],"version-history":[{"count":8,"href":"https:\/\/dolomitlibiaz.pl\/index.php\/wp-json\/wp\/v2\/pages\/12\/revisions"}],"predecessor-version":[{"id":78,"href":"https:\/\/dolomitlibiaz.pl\/index.php\/wp-json\/wp\/v2\/pages\/12\/revisions\/78"}],"wp:attachment":[{"href":"https:\/\/dolomitlibiaz.pl\/index.php\/wp-json\/wp\/v2\/media?parent=12"}],"curies":[{"name":"wp","href":"https:\/\/api.w.org\/{rel}","templated":true}]}}